{"id":104,"date":"2023-06-07T13:47:48","date_gmt":"2023-06-07T12:47:48","guid":{"rendered":"https:\/\/klima45.de\/?page_id=104"},"modified":"2023-06-21T10:47:41","modified_gmt":"2023-06-21T09:47:41","slug":"speichergrose","status":"publish","type":"page","link":"https:\/\/klima45.de\/?page_id=104","title":{"rendered":"Speichergr\u00f6\u00dfe"},"content":{"rendered":"\n<p><\/p>\n\n\n\n<div class=\"wp-block-columns is-layout-flex wp-container-3\">\n<div class=\"wp-block-column is-layout-flow\" style=\"flex-basis:33.33%\">\n<figure class=\"wp-block-image size-full\"><img decoding=\"async\" loading=\"lazy\" width=\"1024\" height=\"1024\" src=\"https:\/\/klima45.de\/wp-content\/uploads\/2023\/06\/TypischeGrose-2.jpg\" alt=\"\" class=\"wp-image-105\" srcset=\"https:\/\/klima45.de\/wp-content\/uploads\/2023\/06\/TypischeGrose-2.jpg 1024w, https:\/\/klima45.de\/wp-content\/uploads\/2023\/06\/TypischeGrose-2-300x300.jpg 300w, https:\/\/klima45.de\/wp-content\/uploads\/2023\/06\/TypischeGrose-2-150x150.jpg 150w, https:\/\/klima45.de\/wp-content\/uploads\/2023\/06\/TypischeGrose-2-768x768.jpg 768w, https:\/\/klima45.de\/wp-content\/uploads\/2023\/06\/TypischeGrose-2-600x600.jpg 600w, https:\/\/klima45.de\/wp-content\/uploads\/2023\/06\/TypischeGrose-2-100x100.jpg 100w\" sizes=\"(max-width: 1024px) 100vw, 1024px\" \/><\/figure>\n<\/div>\n\n\n\n<div class=\"wp-block-column is-layout-flow\" style=\"flex-basis:66.66%\">\n<p><strong>Die typische Gr\u00f6\u00dfe und die Kosten eines Energiespeichers f\u00fcr den Hausgebrauch k\u00f6nnen je nach individuellem Energiebedarf, der Gr\u00f6\u00dfe der Solaranlage und den spezifischen Anforderungen variieren. Hier sind jedoch einige Richtwerte:<\/strong><\/p>\n<\/div>\n<\/div>\n\n\n\n<div class=\"wp-block-columns is-layout-flex wp-container-5\">\n<div class=\"wp-block-column is-layout-flow\">\n<p><\/p>\n\n\n\n<ol type=\"1\" start=\"1\">\n<li>Gr\u00f6\u00dfe: Die Gr\u00f6\u00dfe eines Energiespeichers wird in der Regel in Kilowattstunden (kWh) angegeben. Die typische Gr\u00f6\u00dfe f\u00fcr einen Haushalt liegt oft zwischen 5 kWh und 20 kWh. Kleinere Speicher k\u00f6nnen f\u00fcr den Eigenverbrauch von Solarstrom ausreichen, w\u00e4hrend gr\u00f6\u00dfere Speicher den Bedarf an Strom aus dem Netz weiter reduzieren k\u00f6nnen. G\u00e4ngige Energiespeicher f\u00fcr Balkonkraftwerke beginnen schon bei etwa 1 kWh und sind h\u00e4ufig modular aufgebaut, um auch gr\u00f6\u00dfere Speichersysteme aufzubauen. <\/li>\n\n\n\n<li>Kosten: Die Kosten f\u00fcr einen Energiespeicher h\u00e4ngen von mehreren Faktoren ab, wie zum Beispiel der Gr\u00f6\u00dfe, der Batterietechnologie, der Qualit\u00e4t des Systems und dem Hersteller. Als grober Richtwert k\u00f6nnen Sie mit Kosten von etwa 500 bis 1.500 Euro pro installierter kWh Speicherkapazit\u00e4t rechnen. Das bedeutet, dass ein 10-kWh-Energiespeicher in der Regel Kosten von etwa 5.000 bis 15.000 Euro verursacht. Beachten Sie jedoch, dass dies nur eine grobe Sch\u00e4tzung ist und die tats\u00e4chlichen Kosten je nach Marktbedingungen und individuellen Umst\u00e4nden variieren k\u00f6nnen.<\/li>\n<\/ol>\n\n\n\n<p>Es ist wichtig anzumerken, dass die Kosten f\u00fcr Energiespeicher in den letzten Jahren tendenziell gesunken sind und weiterhin sinken werden, da die Technologie Fortschritte macht und die Nachfrage steigt. Die Wirtschaftlichkeit eines Energiespeichers h\u00e4ngt auch von den Einsparungen durch den Eigenverbrauch des gespeicherten Solarstroms und den lokalen Strompreisen ab. Eine sorgf\u00e4ltige Analyse der Kosten-Nutzen-Rechnung unter Ber\u00fccksichtigung Ihrer individuellen Situation ist daher ratsam, um die Wirtschaftlichkeit eines Energiespeichers zu bewerten.<\/p>\n<\/div>\n<\/div>\n","protected":false},"excerpt":{"rendered":"<p>Die typische Gr\u00f6\u00dfe und die Kosten eines Energiespeichers f\u00fcr den Hausgebrauch k\u00f6nnen je nach individuellem Energiebedarf, der Gr\u00f6\u00dfe der Solaranlage und den spezifischen Anforderungen variieren. Hier sind jedoch einige Richtwerte: Es ist wichtig anzumerken, dass die Kosten f\u00fcr Energiespeicher in den letzten Jahren tendenziell gesunken sind und weiterhin sinken werden, da die Technologie Fortschritte macht &#8230; <a title=\"Speichergr\u00f6\u00dfe\" class=\"read-more\" href=\"https:\/\/klima45.de\/?page_id=104\" aria-label=\"More on Speichergr\u00f6\u00dfe\">Read more<\/a><\/p>\n","protected":false},"author":1,"featured_media":0,"parent":0,"menu_order":0,"comment_status":"closed","ping_status":"closed","template":"","meta":{"om_disable_all_campaigns":false,"_monsterinsights_skip_tracking":false,"_monsterinsights_sitenote_active":false,"_monsterinsights_sitenote_note":"","_monsterinsights_sitenote_category":0},"aioseo_notices":[],"_links":{"self":[{"href":"https:\/\/klima45.de\/index.php?rest_route=\/wp\/v2\/pages\/104"}],"collection":[{"href":"https:\/\/klima45.de\/index.php?rest_route=\/wp\/v2\/pages"}],"about":[{"href":"https:\/\/klima45.de\/index.php?rest_route=\/wp\/v2\/types\/page"}],"author":[{"embeddable":true,"href":"https:\/\/klima45.de\/index.php?rest_route=\/wp\/v2\/users\/1"}],"replies":[{"embeddable":true,"href":"https:\/\/klima45.de\/index.php?rest_route=%2Fwp%2Fv2%2Fcomments&post=104"}],"version-history":[{"count":2,"href":"https:\/\/klima45.de\/index.php?rest_route=\/wp\/v2\/pages\/104\/revisions"}],"predecessor-version":[{"id":152,"href":"https:\/\/klima45.de\/index.php?rest_route=\/wp\/v2\/pages\/104\/revisions\/152"}],"wp:attachment":[{"href":"https:\/\/klima45.de\/index.php?rest_route=%2Fwp%2Fv2%2Fmedia&parent=104"}],"curies":[{"name":"wp","href":"https:\/\/api.w.org\/{rel}","templated":true}]}}