{"id":120,"date":"2023-06-07T14:23:58","date_gmt":"2023-06-07T13:23:58","guid":{"rendered":"https:\/\/klima45.de\/?page_id=120"},"modified":"2023-06-21T12:54:04","modified_gmt":"2023-06-21T11:54:04","slug":"kontakt","status":"publish","type":"page","link":"https:\/\/klima45.de\/?page_id=120","title":{"rendered":"\u00dcber mich"},"content":{"rendered":"\n<p>Willkommen auf meiner Website! Mein Name ist Dr. Karl Schorn und ich bin Physiker mit einer starken Leidenschaft f\u00fcr den Umweltschutz. Mein Fokus liegt dabei auf erneuerbaren Energien und Energiespeichermethoden.<\/p>\n\n\n\n<p>Der Name meiner Website ist Programm: Es geht um die angestrebte Klimaneutralit\u00e4t in der Energieversorgung bis zum Jahr 2045. Ein wichtiger Baustein dabei ist die Speicherung der klimafreundlich gewonnenen Energie. Auf meiner Website stelle ich Ihnen aktuelle Informationen zur Speicherung von Energie aus regenerativen Quellen zusammen.<\/p>\n\n\n\n<p>Ich freue mich darauf, mit Ihnen in an innovativen L\u00f6sungen f\u00fcr den Umweltschutz zu arbeiten. Lassen Sie uns gemeinsam die Energiewende vorantreiben und einen positiven Beitrag f\u00fcr unsere Umwelt leisten.<\/p>\n","protected":false},"excerpt":{"rendered":"<p>Willkommen auf meiner Website! Mein Name ist Dr. Karl Schorn und ich bin Physiker mit einer starken Leidenschaft f\u00fcr den Umweltschutz. Mein Fokus liegt dabei auf erneuerbaren Energien und Energiespeichermethoden. Der Name meiner Website ist Programm: Es geht um die angestrebte Klimaneutralit\u00e4t in der Energieversorgung bis zum Jahr 2045. Ein wichtiger Baustein dabei ist die &#8230; <a title=\"\u00dcber mich\" class=\"read-more\" href=\"https:\/\/klima45.de\/?page_id=120\" aria-label=\"More on \u00dcber mich\">Read more<\/a><\/p>\n","protected":false},"author":1,"featured_media":0,"parent":0,"menu_order":0,"comment_status":"closed","ping_status":"closed","template":"","meta":{"om_disable_all_campaigns":false,"_monsterinsights_skip_tracking":false,"_monsterinsights_sitenote_active":false,"_monsterinsights_sitenote_note":"","_monsterinsights_sitenote_category":0},"aioseo_notices":[],"_links":{"self":[{"href":"https:\/\/klima45.de\/index.php?rest_route=\/wp\/v2\/pages\/120"}],"collection":[{"href":"https:\/\/klima45.de\/index.php?rest_route=\/wp\/v2\/pages"}],"about":[{"href":"https:\/\/klima45.de\/index.php?rest_route=\/wp\/v2\/types\/page"}],"author":[{"embeddable":true,"href":"https:\/\/klima45.de\/index.php?rest_route=\/wp\/v2\/users\/1"}],"replies":[{"embeddable":true,"href":"https:\/\/klima45.de\/index.php?rest_route=%2Fwp%2Fv2%2Fcomments&post=120"}],"version-history":[{"count":2,"href":"https:\/\/klima45.de\/index.php?rest_route=\/wp\/v2\/pages\/120\/revisions"}],"predecessor-version":[{"id":156,"href":"https:\/\/klima45.de\/index.php?rest_route=\/wp\/v2\/pages\/120\/revisions\/156"}],"wp:attachment":[{"href":"https:\/\/klima45.de\/index.php?rest_route=%2Fwp%2Fv2%2Fmedia&parent=120"}],"curies":[{"name":"wp","href":"https:\/\/api.w.org\/{rel}","templated":true}]}}