{"id":162,"date":"2023-09-09T15:13:12","date_gmt":"2023-09-09T14:13:12","guid":{"rendered":"https:\/\/klima45.de\/?page_id=162"},"modified":"2023-09-09T15:29:51","modified_gmt":"2023-09-09T14:29:51","slug":"stromausbeute-eines-balkonkrafwerks","status":"publish","type":"page","link":"https:\/\/klima45.de\/?page_id=162","title":{"rendered":"Stromausbeute eines Balkonkraftwerks"},"content":{"rendered":"\n<p><strong><mark style=\"background-color:rgba(0, 0, 0, 0)\" class=\"has-inline-color has-contrast-color\">Faustformel Stromausbeute Balkonkraftwerk \u2013 Auf die Ausrichtung kommt es an<\/mark><\/strong><\/p>\n\n\n\n<p>Als Faustformel gilt in Deutschland f\u00fcr Steckersolarkraftwerke, analog zu den Werten f\u00fcr die gr\u00f6\u00dfer dimensionierten Hausanlagen:<\/p>\n\n\n\n<p>Bei optimaler Ausrichtung der Solarmodule (35 Grad Neigung gegen\u00fcber der Waagerechten, S\u00fcdausrichtung) kann pro Kilowatt-Peak (kWp) 1000 kWh Strom erzeugt werden. Eine typische Steckersolaranlage mit 600 Wp kommt damit auf 600 kWh maximale Stromerzeugung pro Jahr. Nat\u00fcrlich gilt dies auch nur, wenn es zu keinen abschattenden Effekten kommt: Ein hoch gelegener S\u00fcdbalkon ohne abschattendes Nachbarhaus ist dabei ideal.<\/p>\n\n\n\n<p>In der Realit\u00e4t werden allerdings selten diese optimalen Bedingungen erzielt. Nicht jeder hat einen S\u00fcdbalkon oder kann die Module derart flach montieren. H\u00e4ufig sind nur Ausrichtungen nach S\u00fcd-West oder S\u00fcd-Ost und eine steilere Montierung (bis 90 Grad, senkrecht z.B. au\u00dfen an der Balkonbr\u00fcstung).<\/p>\n\n\n\n<p>Jede Abweichung von der optimalen Ausrichtung verringert nat\u00fcrlich die Stromerzeugung, aber wie stark? Dazu ein paar Szenarien, durchgerechnet mit Hilfe des \u201ePV-Ertragsrechners\u201c von echtsolar.de.<\/p>\n\n\n\n<p>Szenarien zur Ertragslage, Steckersolarkraftwerk, 600 Wp:<\/p>\n\n\n\n<p><\/p>\n\n\n\n<figure class=\"wp-block-table\"><table><tbody><tr><td><strong>Ausrichtung Himmelsrichtung<\/strong><\/td><td><strong>Neigungswinkel in Grad<\/strong><\/td><td><strong>Jahresertrag in kWh<\/strong><\/td><td><strong>Ver\u00e4nderung gegen\u00fcber optimalem Wert in kWh<\/strong><\/td><td><strong>Ver\u00e4nderung gegen\u00fcber optimalem Wert in %<\/strong><\/td><\/tr><tr><td>S\u00fcden<\/td><td>35<\/td><td>600<\/td><td>0<\/td><td>0<\/td><\/tr><tr><td>S\u00fcdwest oder S\u00fcdost<\/td><td>35<\/td><td>569<\/td><td>-31<\/td><td>-5,2<\/td><\/tr><tr><td>West oder Ost<\/td><td>35<\/td><td>484<\/td><td>-116<\/td><td>-19,3<\/td><\/tr><tr><td>S\u00fcden<\/td><td>90 (senkrecht)<\/td><td>424<\/td><td>-176<\/td><td>-29,3<\/td><\/tr><tr><td>S\u00fcdwest oder S\u00fcdost<\/td><td>90<\/td><td>409<\/td><td>-191<\/td><td>-31,8<\/td><\/tr><tr><td>West oder Ost<\/td><td>90<\/td><td>332<\/td><td>-268<\/td><td>-44,7<\/td><\/tr><tr><td>Ohne<\/td><td>0 (flach liegend)<\/td><td>519<\/td><td>-81<\/td><td>-13,5<\/td><\/tr><\/tbody><\/table><\/figure>\n\n\n\n<p>Aus der \u00dcbersicht lassen sich folgende Schl\u00fcsse ziehen, falls eine optimale Ausrichtung der Module nicht m\u00f6glich sein sollte:<\/p>\n\n\n\n<ol type=\"a\">\n<li>Solange ein flacher Neigungswinkel (bis 35 Grad) m\u00f6glich ist, gibt es auch bei nicht exakter S\u00fcdausrichtung immer noch sehr gute Ertr\u00e4ge. Generell sollte mehr auf einen flachen Neigungswinkel als auf die korrekte S\u00fcdausrichtung geachtet werden.<\/li>\n\n\n\n<li>Eine senkrechte Ausrichtung der Module (Neigungswinkel 90 Grad) aussen an der Balkonbr\u00fcstung f\u00fchrt immer zu mindestens ca. 30% weniger Ertrag, auch bei guter S\u00fcdausrichtung<\/li>\n\n\n\n<li>Eine flache Montierung (z.B. auf einem Garagendach) mindert den Ertrag nicht so erheblich (-13,5%). M\u00f6glicherweise rechnet es sich, wenn dadurch ein teures Aufst\u00e4ndern vermieden wird.<\/li>\n<\/ol>\n\n\n\n<p>D.h. im Zweifel sollten eher die Module in einem g\u00fcnstigen flachen Neigungswinkel angebracht werden, als die bestm\u00f6gliche S\u00fcdausrichtung anzustreben.<\/p>\n","protected":false},"excerpt":{"rendered":"<p>Faustformel Stromausbeute Balkonkraftwerk \u2013 Auf die Ausrichtung kommt es an Als Faustformel gilt in Deutschland f\u00fcr Steckersolarkraftwerke, analog zu den Werten f\u00fcr die gr\u00f6\u00dfer dimensionierten Hausanlagen: Bei optimaler Ausrichtung der Solarmodule (35 Grad Neigung gegen\u00fcber der Waagerechten, S\u00fcdausrichtung) kann pro Kilowatt-Peak (kWp) 1000 kWh Strom erzeugt werden. Eine typische Steckersolaranlage mit 600 Wp kommt damit &#8230; <a title=\"Stromausbeute eines Balkonkraftwerks\" class=\"read-more\" href=\"https:\/\/klima45.de\/?page_id=162\" aria-label=\"More on Stromausbeute eines Balkonkraftwerks\">Read more<\/a><\/p>\n","protected":false},"author":1,"featured_media":0,"parent":0,"menu_order":0,"comment_status":"closed","ping_status":"closed","template":"","meta":{"om_disable_all_campaigns":false,"_monsterinsights_skip_tracking":false,"_monsterinsights_sitenote_active":false,"_monsterinsights_sitenote_note":"","_monsterinsights_sitenote_category":0},"aioseo_notices":[],"_links":{"self":[{"href":"https:\/\/klima45.de\/index.php?rest_route=\/wp\/v2\/pages\/162"}],"collection":[{"href":"https:\/\/klima45.de\/index.php?rest_route=\/wp\/v2\/pages"}],"about":[{"href":"https:\/\/klima45.de\/index.php?rest_route=\/wp\/v2\/types\/page"}],"author":[{"embeddable":true,"href":"https:\/\/klima45.de\/index.php?rest_route=\/wp\/v2\/users\/1"}],"replies":[{"embeddable":true,"href":"https:\/\/klima45.de\/index.php?rest_route=%2Fwp%2Fv2%2Fcomments&post=162"}],"version-history":[{"count":4,"href":"https:\/\/klima45.de\/index.php?rest_route=\/wp\/v2\/pages\/162\/revisions"}],"predecessor-version":[{"id":170,"href":"https:\/\/klima45.de\/index.php?rest_route=\/wp\/v2\/pages\/162\/revisions\/170"}],"wp:attachment":[{"href":"https:\/\/klima45.de\/index.php?rest_route=%2Fwp%2Fv2%2Fmedia&parent=162"}],"curies":[{"name":"wp","href":"https:\/\/api.w.org\/{rel}","templated":true}]}}