{"id":2,"date":"2023-06-06T14:11:41","date_gmt":"2023-06-06T13:11:41","guid":{"rendered":"http:\/\/klima45.de\/?page_id=2"},"modified":"2023-06-21T10:32:41","modified_gmt":"2023-06-21T09:32:41","slug":"sample-page","status":"publish","type":"page","link":"https:\/\/klima45.de\/?page_id=2","title":{"rendered":"Gr\u00fcnde f\u00fcr einen Energiespeicher"},"content":{"rendered":"\n<div class=\"wp-block-columns is-layout-flex wp-container-2\">\n<div class=\"wp-block-column is-layout-flow\" style=\"flex-basis:66.66%\">\n<div class=\"wp-block-media-text alignwide is-stacked-on-mobile\"><figure class=\"wp-block-media-text__media\"><img decoding=\"async\" loading=\"lazy\" width=\"1024\" height=\"1024\" src=\"https:\/\/klima45.de\/wp-content\/uploads\/2023\/06\/WozuEinergiespeicher-4.jpg\" alt=\"\" class=\"wp-image-86 size-full\" srcset=\"https:\/\/klima45.de\/wp-content\/uploads\/2023\/06\/WozuEinergiespeicher-4.jpg 1024w, https:\/\/klima45.de\/wp-content\/uploads\/2023\/06\/WozuEinergiespeicher-4-300x300.jpg 300w, https:\/\/klima45.de\/wp-content\/uploads\/2023\/06\/WozuEinergiespeicher-4-150x150.jpg 150w, https:\/\/klima45.de\/wp-content\/uploads\/2023\/06\/WozuEinergiespeicher-4-768x768.jpg 768w, https:\/\/klima45.de\/wp-content\/uploads\/2023\/06\/WozuEinergiespeicher-4-600x600.jpg 600w, https:\/\/klima45.de\/wp-content\/uploads\/2023\/06\/WozuEinergiespeicher-4-100x100.jpg 100w\" sizes=\"(max-width: 1024px) 100vw, 1024px\" \/><\/figure><div class=\"wp-block-media-text__content\">\n<p><strong>Es gibt mehrere Gr\u00fcnde, warum der Einsatz eines Stromspeichers in Verbindung mit Ihrer Solaranlage sinnvoll sein kann:<\/strong><\/p>\n<\/div><\/div>\n<\/div>\n<\/div>\n\n\n\n<div class=\"wp-block-columns is-layout-flex wp-container-4\">\n<div class=\"wp-block-column is-layout-flow\">\n<p><\/p>\n\n\n\n<ul>\n<li>Maximierung des Eigenverbrauchs: Mit einem Stromspeicher k\u00f6nnen Sie den selbst erzeugten Solarstrom speichern und zu einem sp\u00e4teren Zeitpunkt nutzen, wenn die Sonne nicht scheint. Dadurch steigern Sie Ihren Eigenverbrauch und reduzieren Ihren Bezug von Strom aus dem Netz. Das kann zu einer deutlichen Senkung Ihrer Stromrechnung f\u00fchren.<\/li>\n\n\n\n<li>Unabh\u00e4ngigkeit vom Stromnetz: Ein Stromspeicher erm\u00f6glicht es Ihnen, den selbst erzeugten Solarstrom auch dann zu nutzen, wenn es zu Netzst\u00f6rungen oder Stromausf\u00e4llen kommt. Sie k\u00f6nnen weiterhin Ihre wichtigsten Ger\u00e4te mit Strom versorgen und sind weniger abh\u00e4ngig von externen Stromquellen.<\/li>\n\n\n\n<li>Time-of-Use-Optimierung: In einigen Regionen gibt es Tarifstrukturen, bei denen der Strompreis je nach Tageszeit variiert (sogenannte &#8220;Time-of-Use&#8221;-Tarife). Mit einem Stromspeicher k\u00f6nnen Sie \u00fcbersch\u00fcssigen Solarstrom w\u00e4hrend Zeiten niedrigerer Strompreise speichern und ihn zu Zeiten h\u00f6herer Strompreise nutzen. Dadurch k\u00f6nnen Sie Ihre Stromkosten weiter reduzieren.<\/li>\n\n\n\n<li>Netzst\u00fctzung und Netzentlastung: In einigen L\u00e4ndern gibt es Programme, die die Einbindung von Stromspeichern f\u00f6rdern, um das Stromnetz zu stabilisieren und zu entlasten. Indem Sie Ihren Stromspeicher zur Verf\u00fcgung stellen, k\u00f6nnen Sie dazu beitragen, die Netzstabilit\u00e4t zu verbessern und die Integration erneuerbarer Energien zu unterst\u00fctzen.<\/li>\n\n\n\n<li>Umweltaspekte: Durch den Einsatz eines Stromspeichers k\u00f6nnen Sie den Anteil an selbst erzeugtem Solarstrom, den Sie nutzen, erh\u00f6hen. Dadurch reduzieren Sie Ihren Bedarf an Strom aus konventionellen Kraftwerken, die fossile Brennstoffe verwenden und somit Treibhausgase emittieren. Ein Stromspeicher kann somit zu einer weiteren Reduzierung Ihrer CO2-Emissionen beitragen.<\/li>\n\n\n\n<li>Es ist wichtig zu beachten, dass die Rentabilit\u00e4t eines Stromspeichers von verschiedenen Faktoren abh\u00e4ngt, wie beispielsweise den lokalen Strompreisen, den Einspeiseverg\u00fctungen, den Kosten f\u00fcr den Stromspeicher selbst und den spezifischen Rahmenbedingungen Ihrer Solaranlage. Eine sorgf\u00e4ltige Analyse und Beratung durch Fachleute kann Ihnen helfen, die wirtschaftliche Sinnhaftigkeit eines Stromspeichers f\u00fcr Ihre spezifische Situation zu beurteilen.<\/li>\n<\/ul>\n<\/div>\n<\/div>\n","protected":false},"excerpt":{"rendered":"<p>Es gibt mehrere Gr\u00fcnde, warum der Einsatz eines Stromspeichers in Verbindung mit Ihrer Solaranlage sinnvoll sein kann:<\/p>\n","protected":false},"author":1,"featured_media":0,"parent":0,"menu_order":0,"comment_status":"closed","ping_status":"closed","template":"","meta":{"om_disable_all_campaigns":false,"_monsterinsights_skip_tracking":false,"_monsterinsights_sitenote_active":false,"_monsterinsights_sitenote_note":"","_monsterinsights_sitenote_category":0},"aioseo_notices":[],"_links":{"self":[{"href":"https:\/\/klima45.de\/index.php?rest_route=\/wp\/v2\/pages\/2"}],"collection":[{"href":"https:\/\/klima45.de\/index.php?rest_route=\/wp\/v2\/pages"}],"about":[{"href":"https:\/\/klima45.de\/index.php?rest_route=\/wp\/v2\/types\/page"}],"author":[{"embeddable":true,"href":"https:\/\/klima45.de\/index.php?rest_route=\/wp\/v2\/users\/1"}],"replies":[{"embeddable":true,"href":"https:\/\/klima45.de\/index.php?rest_route=%2Fwp%2Fv2%2Fcomments&post=2"}],"version-history":[{"count":4,"href":"https:\/\/klima45.de\/index.php?rest_route=\/wp\/v2\/pages\/2\/revisions"}],"predecessor-version":[{"id":150,"href":"https:\/\/klima45.de\/index.php?rest_route=\/wp\/v2\/pages\/2\/revisions\/150"}],"wp:attachment":[{"href":"https:\/\/klima45.de\/index.php?rest_route=%2Fwp%2Fv2%2Fmedia&parent=2"}],"curies":[{"name":"wp","href":"https:\/\/api.w.org\/{rel}","templated":true}]}}